{"id":15,"date":"2024-03-31T02:53:26","date_gmt":"2024-03-31T02:53:26","guid":{"rendered":"https:\/\/coopcafeteraanadi.co\/?page_id=15"},"modified":"2024-10-15T04:04:10","modified_gmt":"2024-10-15T04:04:10","slug":"inicio","status":"publish","type":"page","link":"https:\/\/coopcafeteraanadi.co\/","title":{"rendered":"Inicio"},"content":{"rendered":"\n<div class=\"wp-block-cover alignfull is-light hestia-clear-top-padding wp-duotone-unset-1\"><span aria-hidden=\"true\" class=\"wp-block-cover__background has-white-background-color has-background-dim\"><\/span><img loading=\"lazy\" decoding=\"async\" width=\"1920\" height=\"1555\" class=\"wp-block-cover__image-background wp-image-68\" alt=\"\" src=\"https:\/\/coopcafeteraanadi.co\/wp-content\/uploads\/2024\/10\/fondo2V2.jpg\" data-object-fit=\"cover\"\/><div class=\"wp-block-cover__inner-container is-layout-flow wp-block-cover-is-layout-flow\">\n<h2 class=\"wp-block-heading has-text-align-center has-text-color\" style=\"color:#3c4858\">Servicios<\/h2>\n\n\n\n<div style=\"height:40px\" aria-hidden=\"true\" class=\"wp-block-spacer\"><\/div>\n\n\n\n<div class=\"wp-block-columns container is-layout-flex wp-container-core-columns-is-layout-28f84493 wp-block-columns-is-layout-flex\">\n<div class=\"wp-block-column is-layout-flow wp-block-column-is-layout-flow\"><div class=\"wp-block-image\">\n<figure class=\"aligncenter size-large\"><img decoding=\"async\" src=\"https:\/\/coopcafeteraanadi.co\/wp-content\/themes\/hestia\/assets\/img\/feat1.png\" alt=\"\" class=\"wp-image-70\"\/><\/figure>\n<\/div>\n\n\n<h5 class=\"wp-block-heading has-text-align-center has-text-color\" style=\"color:#3c4858;font-size:18px\">Servicios<\/h5>\n\n\n\n<p class=\"has-text-color\" style=\"color:#999999;font-size:14px\">Servicios Complementarios.<\/p>\n\n\n\n<p>Educaci\u00f3n, capacitaci\u00f3n y entrenamiento.<\/p>\n\n\n\n<p>Servicios Especiales.<\/p>\n\n\n\n<p>Desarrollo econ\u00f3mico y social.<\/p>\n\n\n\n<p>Soluci\u00f3n a necesidades de comercializaci\u00f3n y productos agr\u00edcolas.<\/p>\n\n\n\n<p class=\"has-text-align-center has-text-color\" style=\"color:#999999;font-size:14px\">.<\/p>\n\n\n\n<div style=\"height:25px\" aria-hidden=\"true\" class=\"wp-block-spacer\"><\/div>\n<\/div>\n\n\n\n<div class=\"wp-block-column is-layout-flow wp-block-column-is-layout-flow\"><div class=\"wp-block-image\">\n<figure class=\"aligncenter size-large\"><img decoding=\"async\" src=\"https:\/\/coopcafeteraanadi.co\/wp-content\/themes\/hestia\/assets\/img\/feat2.png\" alt=\"\" class=\"wp-image-71\"\/><\/figure>\n<\/div>\n\n\n<h5 class=\"wp-block-heading has-text-align-center has-text-color\" style=\"color:#3c4858;font-size:18px\">Nuestros Principios<\/h5>\n\n\n\n<p class=\"has-text-align-center has-text-color\" style=\"color:#999999;font-size:14px\"><\/p>\n\n\n\n<p class=\"has-text-align-left\">Esp\u00edritu de solidaridad, cooperaci\u00f3n, igualdad y ayuda mutua.<\/p>\n\n\n\n<p class=\"has-text-align-left\">Participaci\u00f3n democr\u00e1tica, libertad de organizaci\u00f3n, autogestionaria y emprendedora.<\/p>\n\n\n\n<p class=\"has-text-align-left\">Adhesi\u00f3n voluntaria, responsable y abierta.<\/p>\n\n\n\n<p class=\"has-text-align-left\">Contribuci\u00f3n econ\u00f3mica de los asociados, en justicia y equidad.<\/p>\n\n\n\n<p class=\"has-text-align-left\">Autonom\u00eda, autodeterminaci\u00f3n y autogobierno.<\/p>\n\n\n\n<p class=\"has-text-align-left\">Formaci\u00f3n e informaci\u00f3n para sus asociados, de manera permanente, oportuna y progresiva.<\/p>\n\n\n\n<p class=\"has-text-align-left\">Integraci\u00f3n con otras organizaciones del mismo sector.<\/p>\n\n\n\n<p class=\"has-text-align-left\">Servicio a la comunidad.<\/p>\n\n\n\n<div style=\"height:25px\" aria-hidden=\"true\" class=\"wp-block-spacer\"><\/div>\n<\/div>\n\n\n\n<div class=\"wp-block-column is-layout-flow wp-block-column-is-layout-flow\"><div class=\"wp-block-image\">\n<figure class=\"aligncenter size-large\"><img decoding=\"async\" src=\"https:\/\/coopcafeteraanadi.co\/wp-content\/themes\/hestia\/assets\/img\/feat3.png\" alt=\"\" class=\"wp-image-72\"\/><\/figure>\n<\/div>\n\n\n<h5 class=\"wp-block-heading has-text-align-center has-text-color\" style=\"color:#3c4858;font-size:18px\">Acerca de<\/h5>\n\n\n\n<blockquote class=\"wp-block-quote has-text-align-left is-style-plain is-layout-flow wp-block-quote-is-layout-flow\">\n<ul class=\"wp-block-list\">\n<li>Somos una Cooperativa Multiactiva, de derecho privado, sin \u00e1nimo de lucro, con un n\u00famero de asociados y patrimonio variable e ilimitado y regida por las disposiciones legales vigentes y en especial por la legislaci\u00f3n cooperativa y el presente estatuto, encaminada al desarrollo integral y al mejoramiento continuo de la calidad de vida del asociado y al fortalecimiento organizacional de la Cooperativa, por medio de la comercializaci\u00f3n del caf\u00e9 y otros productos agropecuarios, contribuyendo a la sostenibilidad social y econ\u00f3mica del sector solidario<strong><mark style=\"background-color:rgba(0, 0, 0, 0)\" class=\"has-inline-color has-black-color\">.<\/mark><\/strong><\/li>\n<\/ul>\n<\/blockquote>\n\n\n\n<div style=\"height:25px\" aria-hidden=\"true\" class=\"wp-block-spacer\"><\/div>\n<\/div>\n<\/div>\n\n\n\n<div style=\"height:40px\" aria-hidden=\"true\" class=\"wp-block-spacer\"><\/div>\n<\/div><\/div>\n\n\n\n<p><\/p>\n","protected":false},"excerpt":{"rendered":"","protected":false},"author":1,"featured_media":68,"parent":0,"menu_order":0,"comment_status":"closed","ping_status":"closed","template":"","meta":{"_themeisle_gutenberg_block_has_review":false,"footnotes":""},"class_list":["post-15","page","type-page","status-publish","has-post-thumbnail","hentry"],"_links":{"self":[{"href":"https:\/\/coopcafeteraanadi.co\/index.php\/wp-json\/wp\/v2\/pages\/15","targetHints":{"allow":["GET"]}}],"collection":[{"href":"https:\/\/coopcafeteraanadi.co\/index.php\/wp-json\/wp\/v2\/pages"}],"about":[{"href":"https:\/\/coopcafeteraanadi.co\/index.php\/wp-json\/wp\/v2\/types\/page"}],"author":[{"embeddable":true,"href":"https:\/\/coopcafeteraanadi.co\/index.php\/wp-json\/wp\/v2\/users\/1"}],"replies":[{"embeddable":true,"href":"https:\/\/coopcafeteraanadi.co\/index.php\/wp-json\/wp\/v2\/comments?post=15"}],"version-history":[{"count":13,"href":"https:\/\/coopcafeteraanadi.co\/index.php\/wp-json\/wp\/v2\/pages\/15\/revisions"}],"predecessor-version":[{"id":93,"href":"https:\/\/coopcafeteraanadi.co\/index.php\/wp-json\/wp\/v2\/pages\/15\/revisions\/93"}],"wp:featuredmedia":[{"embeddable":true,"href":"https:\/\/coopcafeteraanadi.co\/index.php\/wp-json\/wp\/v2\/media\/68"}],"wp:attachment":[{"href":"https:\/\/coopcafeteraanadi.co\/index.php\/wp-json\/wp\/v2\/media?parent=15"}],"curies":[{"name":"wp","href":"https:\/\/api.w.org\/{rel}","templated":true}]}}